{"id":6,"date":"2020-11-22T15:43:58","date_gmt":"2020-11-22T14:43:58","guid":{"rendered":"http:\/\/ensembletrianon.com\/?page_id=6"},"modified":"2020-11-29T22:22:45","modified_gmt":"2020-11-29T21:22:45","slug":"lensemble","status":"publish","type":"page","link":"https:\/\/ensembletrianon.com\/index.php\/lensemble\/","title":{"rendered":"L&rsquo;ensemble"},"content":{"rendered":"\n<p>Le Trianon<\/p>\n\n\n\n<p>L&rsquo;ensemble <strong>Le Trianon<\/strong> est n\u00e9 en 2014 sous l&rsquo;impulsion du bassoniste Victor Dutot. Pouss\u00e9 par la volont\u00e9 de faire d\u00e9couvrir au public le magnifique r\u00e9pertoire baroque et classique pour instruments \u00e0 vent, cet ensemble \u00e0 g\u00e9om\u00e9trie variable se produit plusieurs fois par an dans toute la France. Issus des conservatoires de Paris, Berlin ou Versailles et membres des plus grands orchestres fran\u00e7ais, les musiciens du Trianon vous proposent d&rsquo;\u00e9couter les plus grands chef-d&rsquo;\u0153uvre comme les raret\u00e9s de la musique de chambre pour vents.<\/p>\n\n\n\n<figure class=\"wp-block-image size-full is-style-default\"><img loading=\"lazy\" width=\"2560\" height=\"1091\" src=\"http:\/\/ensembletrianon.com\/wp-content\/uploads\/2020\/11\/Affiche-Le-Trianon-scaled.jpg\" alt=\"Victor Dutot Constance Taillard Philibert Perrine Caroline Marchesseau\" class=\"wp-image-8\" srcset=\"https:\/\/ensembletrianon.com\/wp-content\/uploads\/2020\/11\/Affiche-Le-Trianon-scaled.jpg 2560w, https:\/\/ensembletrianon.com\/wp-content\/uploads\/2020\/11\/Affiche-Le-Trianon-300x128.jpg 300w, https:\/\/ensembletrianon.com\/wp-content\/uploads\/2020\/11\/Affiche-Le-Trianon-1024x436.jpg 1024w, https:\/\/ensembletrianon.com\/wp-content\/uploads\/2020\/11\/Affiche-Le-Trianon-768x327.jpg 768w, https:\/\/ensembletrianon.com\/wp-content\/uploads\/2020\/11\/Affiche-Le-Trianon-1536x655.jpg 1536w, https:\/\/ensembletrianon.com\/wp-content\/uploads\/2020\/11\/Affiche-Le-Trianon-2048x873.jpg 2048w\" sizes=\"(max-width: 2560px) 100vw, 2560px\" \/><\/figure>\n","protected":false},"excerpt":{"rendered":"<p>Le Trianon L&rsquo;ensemble Le Trianon est n\u00e9 en 2014 sous l&rsquo;impulsion du bassoniste Victor Dutot. Pouss\u00e9 par la volont\u00e9 de faire d\u00e9couvrir au public le magnifique r\u00e9pertoire baroque et classique pour instruments \u00e0 vent, cet ensemble \u00e0 g\u00e9om\u00e9trie variable se produit plusieurs fois par an dans toute la France. Issus des conservatoires de Paris, Berlin [&hellip;]<\/p>\n","protected":false},"author":1,"featured_media":0,"parent":0,"menu_order":0,"comment_status":"closed","ping_status":"closed","template":"","meta":[],"_links":{"self":[{"href":"https:\/\/ensembletrianon.com\/index.php\/wp-json\/wp\/v2\/pages\/6"}],"collection":[{"href":"https:\/\/ensembletrianon.com\/index.php\/wp-json\/wp\/v2\/pages"}],"about":[{"href":"https:\/\/ensembletrianon.com\/index.php\/wp-json\/wp\/v2\/types\/page"}],"author":[{"embeddable":true,"href":"https:\/\/ensembletrianon.com\/index.php\/wp-json\/wp\/v2\/users\/1"}],"replies":[{"embeddable":true,"href":"https:\/\/ensembletrianon.com\/index.php\/wp-json\/wp\/v2\/comments?post=6"}],"version-history":[{"count":4,"href":"https:\/\/ensembletrianon.com\/index.php\/wp-json\/wp\/v2\/pages\/6\/revisions"}],"predecessor-version":[{"id":59,"href":"https:\/\/ensembletrianon.com\/index.php\/wp-json\/wp\/v2\/pages\/6\/revisions\/59"}],"wp:attachment":[{"href":"https:\/\/ensembletrianon.com\/index.php\/wp-json\/wp\/v2\/media?parent=6"}],"curies":[{"name":"wp","href":"https:\/\/api.w.org\/{rel}","templated":true}]}}